{"id":47871,"date":"2025-09-21T11:55:14","date_gmt":"2025-09-21T11:55:14","guid":{"rendered":"https:\/\/finsoulnetwork.com\/ch\/?page_id=47871"},"modified":"2025-09-22T11:41:25","modified_gmt":"2025-09-22T11:41:25","slug":"lausanne","status":"publish","type":"page","link":"https:\/\/finsoulnetwork.com\/ch\/lausanne\/","title":{"rendered":"Lausanne"},"content":{"rendered":"\t\t<div data-elementor-type=\"wp-page\" data-elementor-id=\"47871\" class=\"elementor elementor-47871\" data-elementor-post-type=\"page\">\n\t\t\t\t<div class=\"elementor-element elementor-element-f5662cd e-flex e-con-boxed e-con e-parent\" data-id=\"f5662cd\" data-element_type=\"container\" data-e-type=\"container\" data-settings=\"{&quot;background_background&quot;:&quot;classic&quot;}\">\n\t\t\t\t\t<div class=\"e-con-inner\">\n\t\t<div class=\"elementor-element elementor-element-fa6aab3 e-con-full e-flex e-con e-child\" data-id=\"fa6aab3\" data-element_type=\"container\" data-e-type=\"container\">\n\t\t\t\t<div class=\"elementor-element elementor-element-008746c elementor-widget elementor-widget-heading\" data-id=\"008746c\" data-element_type=\"widget\" data-e-type=\"widget\" data-settings=\"{&quot;wdt_animation_effect&quot;:&quot;none&quot;}\" data-widget_type=\"heading.default\">\n\t\t\t\t<div class=\"elementor-widget-container\">\n\t\t\t\t\t<h2 class=\"elementor-heading-title elementor-size-default\">Lausanne<\/h2>\t\t\t\t<\/div>\n\t\t\t\t<\/div>\n\t\t\t\t<div class=\"elementor-element elementor-element-48fa75e elementor-widget elementor-widget-shortcode\" data-id=\"48fa75e\" data-element_type=\"widget\" data-e-type=\"widget\" data-settings=\"{&quot;wdt_animation_effect&quot;:&quot;none&quot;}\" data-widget_type=\"shortcode.default\">\n\t\t\t\t<div class=\"elementor-widget-container\">\n\t\t\t\t\t\t\t<div class=\"elementor-shortcode\">\t\t<div data-elementor-type=\"container\" data-elementor-id=\"34219\" class=\"elementor elementor-34219\" data-elementor-post-type=\"elementor_library\">\n\t\t\t\t<div class=\"elementor-element elementor-element-d2c7091 e-grid e-con-full e-con e-child\" data-id=\"d2c7091\" data-element_type=\"container\" data-e-type=\"container\">\n\t\t<div class=\"elementor-element elementor-element-6af82c1 e-con-full e-flex e-con e-child\" data-id=\"6af82c1\" data-element_type=\"container\" data-e-type=\"container\">\n\t\t\t\t<div class=\"elementor-element elementor-element-5f9041c elementor-align-left elementor-widget elementor-widget-button\" data-id=\"5f9041c\" data-element_type=\"widget\" data-e-type=\"widget\" data-settings=\"{&quot;wdt_animation_effect&quot;:&quot;none&quot;}\" data-widget_type=\"button.default\">\n\t\t\t\t<div class=\"elementor-widget-container\">\n\t\t\t\t\t\t\t\t\t<div class=\"elementor-button-wrapper\">\n\t\t\t\t\t<a class=\"elementor-button elementor-button-link elementor-size-sm\" href=\"https:\/\/finsoulnetwork.com\/ch\/book-an-appointment\/\">\n\t\t\t\t\t\t<span class=\"elementor-button-content-wrapper\">\n\t\t\t\t\t\t\t\t\t<span class=\"elementor-button-text\">Book an Appointment<\/span>\n\t\t\t\t\t<\/span>\n\t\t\t\t\t<\/a>\n\t\t\t\t<\/div>\n\t\t\t\t\t\t\t\t<\/div>\n\t\t\t\t<\/div>\n\t\t\t\t<\/div>\n\t\t<div class=\"elementor-element elementor-element-367b4c0 e-con-full e-flex e-con e-child\" data-id=\"367b4c0\" data-element_type=\"container\" data-e-type=\"container\">\n\t\t\t\t<div class=\"elementor-element elementor-element-c6951f5 elementor-widget elementor-widget-button\" data-id=\"c6951f5\" data-element_type=\"widget\" data-e-type=\"widget\" data-settings=\"{&quot;wdt_animation_effect&quot;:&quot;none&quot;}\" data-widget_type=\"button.default\">\n\t\t\t\t<div class=\"elementor-widget-container\">\n\t\t\t\t\t\t\t\t\t<div class=\"elementor-button-wrapper\">\n\t\t\t\t\t<a class=\"elementor-button elementor-button-link elementor-size-sm\" href=\"tel:%20+447494154004\">\n\t\t\t\t\t\t<span class=\"elementor-button-content-wrapper\">\n\t\t\t\t\t\t\t\t\t<span class=\"elementor-button-text\">Call Now<\/span>\n\t\t\t\t\t<\/span>\n\t\t\t\t\t<\/a>\n\t\t\t\t<\/div>\n\t\t\t\t\t\t\t\t<\/div>\n\t\t\t\t<\/div>\n\t\t\t\t<\/div>\n\t\t\t\t<\/div>\n\t\t\t\t<\/div>\n\t\t<\/div>\n\t\t\t\t\t\t<\/div>\n\t\t\t\t<\/div>\n\t\t\t\t<\/div>\n\t\t<div class=\"elementor-element elementor-element-a58c705 e-con-full e-flex e-con e-child\" data-id=\"a58c705\" data-element_type=\"container\" data-e-type=\"container\">\n\t\t\t\t<\/div>\n\t\t\t\t\t<\/div>\n\t\t\t\t<\/div>\n\t\t<div class=\"elementor-element elementor-element-c4e707e e-flex e-con-boxed e-con e-parent\" data-id=\"c4e707e\" data-element_type=\"container\" data-e-type=\"container\">\n\t\t\t\t\t<div class=\"e-con-inner\">\n\t\t<div class=\"elementor-element elementor-element-b56ce51 e-con-full e-flex e-con e-child\" data-id=\"b56ce51\" data-element_type=\"container\" data-e-type=\"container\">\n\t\t\t\t<div class=\"elementor-element elementor-element-edaf8ca elementor-widget elementor-widget-heading\" data-id=\"edaf8ca\" data-element_type=\"widget\" data-e-type=\"widget\" data-settings=\"{&quot;wdt_animation_effect&quot;:&quot;none&quot;}\" data-widget_type=\"heading.default\">\n\t\t\t\t<div class=\"elementor-widget-container\">\n\t\t\t\t\t<h2 class=\"elementor-heading-title elementor-size-default\">Lausanne: A City That Inspires Progress\n<\/h2>\t\t\t\t<\/div>\n\t\t\t\t<\/div>\n\t\t\t\t<\/div>\n\t\t\t\t\t<\/div>\n\t\t\t\t<\/div>\n\t\t<div class=\"elementor-element elementor-element-24e4116 e-flex e-con-boxed e-con e-parent\" data-id=\"24e4116\" data-element_type=\"container\" data-e-type=\"container\">\n\t\t\t\t\t<div class=\"e-con-inner\">\n\t\t<div class=\"elementor-element elementor-element-8b7945a e-con-full e-flex e-con e-child\" data-id=\"8b7945a\" data-element_type=\"container\" data-e-type=\"container\">\n\t\t\t\t<div class=\"elementor-element elementor-element-6f744fd elementor-widget elementor-widget-image\" data-id=\"6f744fd\" data-element_type=\"widget\" data-e-type=\"widget\" data-settings=\"{&quot;wdt_animation_effect&quot;:&quot;none&quot;}\" data-widget_type=\"image.default\">\n\t\t\t\t<div class=\"elementor-widget-container\">\n\t\t\t\t\t\t\t\t\t\t\t\t\t\t\t<img fetchpriority=\"high\" decoding=\"async\" width=\"380\" height=\"365\" src=\"https:\/\/finsoulnetwork.com\/ch\/wp-content\/uploads\/sites\/14\/2025\/09\/Lausanne-image-1.webp\" class=\"attachment-full size-full wp-image-47941\" alt=\"\" srcset=\"https:\/\/finsoulnetwork.com\/ch\/wp-content\/uploads\/sites\/14\/2025\/09\/Lausanne-image-1.webp 380w, https:\/\/finsoulnetwork.com\/ch\/wp-content\/uploads\/sites\/14\/2025\/09\/Lausanne-image-1-300x288.webp 300w\" sizes=\"(max-width: 380px) 100vw, 380px\" \/>\t\t\t\t\t\t\t\t\t\t\t\t\t\t\t<\/div>\n\t\t\t\t<\/div>\n\t\t\t\t<\/div>\n\t\t<div class=\"elementor-element elementor-element-85b08e5 e-con-full e-flex e-con e-child\" data-id=\"85b08e5\" data-element_type=\"container\" data-e-type=\"container\">\n\t\t\t\t<div class=\"elementor-element elementor-element-65d836c elementor-widget elementor-widget-text-editor\" data-id=\"65d836c\" data-element_type=\"widget\" data-e-type=\"widget\" data-settings=\"{&quot;wdt_animation_effect&quot;:&quot;none&quot;}\" data-widget_type=\"text-editor.default\">\n\t\t\t\t<div class=\"elementor-widget-container\">\n\t\t\t\t\t\t\t\t\t<p><span style=\"font-weight: 400\">Lausanne is a city that thrives on energy, creativity, and innovation. Perched along the shores of Lake Geneva, it offers a unique blend of Swiss precision and international flair. Known for its rich cultural life, historic charm, and world-class institutions, Lausanne has built a reputation as a hub where knowledge and opportunity meet.<\/span><\/p><p><span style=\"font-weight: 400\">But beyond its breathtaking views and cosmopolitan character, Lausanne has become one of Switzerland\u2019s most forward-thinking business environments. It is home to global organizations, prestigious universities, and a growing network of startups that are reshaping industries from finance to technology. This balance of tradition and innovation makes Lausanne not only a beautiful place to live but also a strategic place to invest and grow.<\/span><\/p>\t\t\t\t\t\t\t\t<\/div>\n\t\t\t\t<\/div>\n\t\t\t\t<\/div>\n\t\t\t\t\t<\/div>\n\t\t\t\t<\/div>\n\t\t<div class=\"elementor-element elementor-element-926ca2e e-flex e-con-boxed e-con e-parent\" data-id=\"926ca2e\" data-element_type=\"container\" data-e-type=\"container\">\n\t\t\t\t\t<div class=\"e-con-inner\">\n\t\t<div class=\"elementor-element elementor-element-3ea93da e-con-full e-flex e-con e-child\" data-id=\"3ea93da\" data-element_type=\"container\" data-e-type=\"container\">\n\t\t\t\t<div class=\"elementor-element elementor-element-40a368f elementor-widget elementor-widget-heading\" data-id=\"40a368f\" data-element_type=\"widget\" data-e-type=\"widget\" data-settings=\"{&quot;wdt_animation_effect&quot;:&quot;none&quot;}\" data-widget_type=\"heading.default\">\n\t\t\t\t<div class=\"elementor-widget-container\">\n\t\t\t\t\t<h2 class=\"elementor-heading-title elementor-size-default\">A Growing Economic Force in Switzerland\n<\/h2>\t\t\t\t<\/div>\n\t\t\t\t<\/div>\n\t\t\t\t<div class=\"elementor-element elementor-element-ae386da elementor-widget elementor-widget-text-editor\" data-id=\"ae386da\" data-element_type=\"widget\" data-e-type=\"widget\" data-settings=\"{&quot;wdt_animation_effect&quot;:&quot;none&quot;}\" data-widget_type=\"text-editor.default\">\n\t\t\t\t<div class=\"elementor-widget-container\">\n\t\t\t\t\t\t\t\t\t<p><span style=\"font-weight: 400\">In recent years, Lausanne has consistently shown strong economic performance. Surveys and reports highlight its rise as a leader in research-driven industries, financial services, and sustainable innovation. Anchored by the world-renowned \u00c9cole Polytechnique F\u00e9d\u00e9rale de Lausanne (EPFL), the city has become a hotbed for cutting-edge research, tech entrepreneurship, and knowledge-based growth.<\/span><\/p><p><span style=\"font-weight: 400\">The impact is clear: Lausanne is now recognized as a city that doesn\u2019t just follow global trends \u2014 it creates them. With international connectivity, highly skilled talent, and a business-friendly environment, Lausanne is attracting investors and enterprises eager to be part of its growth story.<\/span><\/p>\t\t\t\t\t\t\t\t<\/div>\n\t\t\t\t<\/div>\n\t\t\t\t<div class=\"elementor-element elementor-element-fceb496 elementor-widget elementor-widget-heading\" data-id=\"fceb496\" data-element_type=\"widget\" data-e-type=\"widget\" data-settings=\"{&quot;wdt_animation_effect&quot;:&quot;none&quot;}\" data-widget_type=\"heading.default\">\n\t\t\t\t<div class=\"elementor-widget-container\">\n\t\t\t\t\t<h2 class=\"elementor-heading-title elementor-size-default\">Why Businesses Choose Finsoul Network Lausanne<\/h2>\t\t\t\t<\/div>\n\t\t\t\t<\/div>\n\t\t\t\t<\/div>\n\t\t\t\t\t<\/div>\n\t\t\t\t<\/div>\n\t\t<div class=\"elementor-element elementor-element-153368d e-flex e-con-boxed e-con e-parent\" data-id=\"153368d\" data-element_type=\"container\" data-e-type=\"container\">\n\t\t\t\t\t<div class=\"e-con-inner\">\n\t\t<div class=\"elementor-element elementor-element-ab7df68 e-con-full e-flex e-con e-child\" data-id=\"ab7df68\" data-element_type=\"container\" data-e-type=\"container\">\n\t\t\t\t<div class=\"elementor-element elementor-element-d2e4774 elementor-widget elementor-widget-text-editor\" data-id=\"d2e4774\" data-element_type=\"widget\" data-e-type=\"widget\" data-settings=\"{&quot;wdt_animation_effect&quot;:&quot;none&quot;}\" data-widget_type=\"text-editor.default\">\n\t\t\t\t<div class=\"elementor-widget-container\">\n\t\t\t\t\t\t\t\t\t<p><span style=\"font-weight: 400\">At <\/span><b>Finsoul Network Lausanne<\/b><span style=\"font-weight: 400\">, we are more than consultants \u2014 we are partners in your journey. We established our presence in Lausanne because we believe this city reflects the values we stand for: forward-thinking innovation, long-term stability, and meaningful growth.<\/span><\/p><p><span style=\"font-weight: 400\">Our clients trust us because we blend years of global experience with local market understanding. Whether it\u2019s guiding a startup looking for funding, a corporation planning European expansion, or an individual safeguarding wealth, our team in Lausanne brings clarity and actionable strategies to every decision.<\/span><\/p>\t\t\t\t\t\t\t\t<\/div>\n\t\t\t\t<\/div>\n\t\t\t\t<\/div>\n\t\t<div class=\"elementor-element elementor-element-e71f30b e-con-full e-flex e-con e-child\" data-id=\"e71f30b\" data-element_type=\"container\" data-e-type=\"container\">\n\t\t\t\t<div class=\"elementor-element elementor-element-42af879 elementor-widget elementor-widget-image\" data-id=\"42af879\" data-element_type=\"widget\" data-e-type=\"widget\" data-settings=\"{&quot;wdt_animation_effect&quot;:&quot;none&quot;}\" data-widget_type=\"image.default\">\n\t\t\t\t<div class=\"elementor-widget-container\">\n\t\t\t\t\t\t\t\t\t\t\t\t\t\t\t<img decoding=\"async\" width=\"380\" height=\"310\" src=\"https:\/\/finsoulnetwork.com\/ch\/wp-content\/uploads\/sites\/14\/2025\/09\/Lausanne-image-2.webp\" class=\"attachment-full size-full wp-image-47942\" alt=\"\" srcset=\"https:\/\/finsoulnetwork.com\/ch\/wp-content\/uploads\/sites\/14\/2025\/09\/Lausanne-image-2.webp 380w, https:\/\/finsoulnetwork.com\/ch\/wp-content\/uploads\/sites\/14\/2025\/09\/Lausanne-image-2-300x245.webp 300w\" sizes=\"(max-width: 380px) 100vw, 380px\" \/>\t\t\t\t\t\t\t\t\t\t\t\t\t\t\t<\/div>\n\t\t\t\t<\/div>\n\t\t\t\t<\/div>\n\t\t\t\t\t<\/div>\n\t\t\t\t<\/div>\n\t\t<div class=\"elementor-element elementor-element-8284082 e-flex e-con-boxed e-con e-parent\" data-id=\"8284082\" data-element_type=\"container\" data-e-type=\"container\">\n\t\t\t\t\t<div class=\"e-con-inner\">\n\t\t<div class=\"elementor-element elementor-element-4837949 e-con-full e-flex e-con e-child\" data-id=\"4837949\" data-element_type=\"container\" data-e-type=\"container\">\n\t\t\t\t<div class=\"elementor-element elementor-element-76469a0 elementor-widget elementor-widget-heading\" data-id=\"76469a0\" data-element_type=\"widget\" data-e-type=\"widget\" data-settings=\"{&quot;wdt_animation_effect&quot;:&quot;none&quot;}\" data-widget_type=\"heading.default\">\n\t\t\t\t<div class=\"elementor-widget-container\">\n\t\t\t\t\t<h2 class=\"elementor-heading-title elementor-size-default\">Consulting in a City That Innovates\n<\/h2>\t\t\t\t<\/div>\n\t\t\t\t<\/div>\n\t\t\t\t<div class=\"elementor-element elementor-element-5fd51ab elementor-widget elementor-widget-text-editor\" data-id=\"5fd51ab\" data-element_type=\"widget\" data-e-type=\"widget\" data-settings=\"{&quot;wdt_animation_effect&quot;:&quot;none&quot;}\" data-widget_type=\"text-editor.default\">\n\t\t\t\t<div class=\"elementor-widget-container\">\n\t\t\t\t\t\t\t\t\t<p><span style=\"font-weight: 400\">Lausanne\u2019s business culture is defined by creativity and ambition, and our consulting approach mirrors that spirit. At Finsoul Network, we don\u2019t just provide advice \u2014 we craft strategies that are practical, measurable, and built to last. Our work in Lausanne ranges from helping corporations optimize operations and enter new markets to guiding entrepreneurs as they turn ideas into successful ventures.\u00a0<\/span><\/p><p><span style=\"font-weight: 400\">What makes us stand out is our ability to combine global insights with Lausanne\u2019s innovative ecosystem, ensuring that every client has both the vision and the tools to succeed. With years of proven experience in Switzerland\u2019s market, we are proud to play a role in Lausanne\u2019s economic rise. As surveys continue to highlight the city\u2019s expanding influence, <\/span><b>Finsoul Network Lausanne is here to make sure your business and financial journey grow alongside it.<\/b><\/p>\t\t\t\t\t\t\t\t<\/div>\n\t\t\t\t<\/div>\n\t\t\t\t<div class=\"elementor-element elementor-element-af34f0a elementor-widget elementor-widget-heading\" data-id=\"af34f0a\" data-element_type=\"widget\" data-e-type=\"widget\" data-settings=\"{&quot;wdt_animation_effect&quot;:&quot;none&quot;}\" data-widget_type=\"heading.default\">\n\t\t\t\t<div class=\"elementor-widget-container\">\n\t\t\t\t\t<h2 class=\"elementor-heading-title elementor-size-default\">Building Your Future with Finsoul Network\n<\/h2>\t\t\t\t<\/div>\n\t\t\t\t<\/div>\n\t\t\t\t<div class=\"elementor-element elementor-element-e73c626 elementor-widget elementor-widget-text-editor\" data-id=\"e73c626\" data-element_type=\"widget\" data-e-type=\"widget\" data-settings=\"{&quot;wdt_animation_effect&quot;:&quot;none&quot;}\" data-widget_type=\"text-editor.default\">\n\t\t\t\t<div class=\"elementor-widget-container\">\n\t\t\t\t\t\t\t\t\t<ul><li style=\"font-weight: 400\"><span style=\"font-weight: 400\">Deliver comprehensive financial and consulting solutions for growth.<\/span><\/li><li style=\"font-weight: 400\"><span style=\"font-weight: 400\">Expertise in wealth management, corporate finance, and tailored investments.<\/span><\/li><li style=\"font-weight: 400\"><span style=\"font-weight: 400\">Ensure client assets are both protected and positioned for new opportunities.<\/span><\/li><li style=\"font-weight: 400\"><span style=\"font-weight: 400\">Support organizations with strategy, operations, and market expansion.<\/span><\/li><li style=\"font-weight: 400\"><span style=\"font-weight: 400\">Simplify Switzerland\u2019s complex regulatory frameworks for clients.<\/span><\/li><li style=\"font-weight: 400\"><span style=\"font-weight: 400\">Provide forward-looking insights in ESG, fintech, and sustainable finance.<\/span><\/li><li style=\"font-weight: 400\"><span style=\"font-weight: 400\">Align clients with Lausanne\u2019s reputation as a hub of innovation.<\/span><\/li><\/ul>\t\t\t\t\t\t\t\t<\/div>\n\t\t\t\t<\/div>\n\t\t\t\t<\/div>\n\t\t\t\t\t<\/div>\n\t\t\t\t<\/div>\n\t\t<div class=\"elementor-element elementor-element-96f4dac e-flex e-con-boxed e-con e-parent\" data-id=\"96f4dac\" data-element_type=\"container\" data-e-type=\"container\" data-settings=\"{&quot;background_background&quot;:&quot;classic&quot;}\">\n\t\t\t\t\t<div class=\"e-con-inner\">\n\t\t<div class=\"elementor-element elementor-element-04995ce e-con-full e-flex e-con e-child\" data-id=\"04995ce\" data-element_type=\"container\" data-e-type=\"container\">\n\t\t\t\t<div class=\"elementor-element elementor-element-257c78d elementor-widget elementor-widget-heading\" data-id=\"257c78d\" data-element_type=\"widget\" data-e-type=\"widget\" data-settings=\"{&quot;wdt_animation_effect&quot;:&quot;none&quot;}\" data-widget_type=\"heading.default\">\n\t\t\t\t<div class=\"elementor-widget-container\">\n\t\t\t\t\t<h2 class=\"elementor-heading-title elementor-size-default\">Get in touch with us<\/h2>\t\t\t\t<\/div>\n\t\t\t\t<\/div>\n\t\t\t\t<div class=\"elementor-element elementor-element-4258782 elementor-button-align-start elementor-widget elementor-widget-form\" data-id=\"4258782\" data-element_type=\"widget\" data-e-type=\"widget\" data-settings=\"{&quot;step_next_label&quot;:&quot;Next&quot;,&quot;step_previous_label&quot;:&quot;Previous&quot;,&quot;button_width&quot;:&quot;100&quot;,&quot;step_type&quot;:&quot;number_text&quot;,&quot;step_icon_shape&quot;:&quot;circle&quot;,&quot;wdt_animation_effect&quot;:&quot;none&quot;}\" data-widget_type=\"form.default\">\n\t\t\t\t<div class=\"elementor-widget-container\">\n\t\t\t\t\t\t\t<form class=\"elementor-form\" method=\"post\" name=\"New Form\">\n\t\t\t<input type=\"hidden\" name=\"post_id\" value=\"47871\"\/>\n\t\t\t<input type=\"hidden\" name=\"form_id\" value=\"4258782\"\/>\n\t\t\t<input type=\"hidden\" name=\"referer_title\" value=\"Lausanne - Finsoul Network Switzerland\" \/>\n\n\t\t\t\t\t\t\t<input type=\"hidden\" name=\"queried_id\" value=\"47871\"\/>\n\t\t\t\n\t\t\t<div class=\"elementor-form-fields-wrapper elementor-labels-\">\n\t\t\t\t\t\t\t\t<div class=\"elementor-field-type-text elementor-field-group elementor-column elementor-field-group-name elementor-col-100\">\n\t\t\t\t\t\t\t\t\t\t\t\t<label for=\"form-field-name\" class=\"elementor-field-label elementor-screen-only\">\n\t\t\t\t\t\t\t\tName\t\t\t\t\t\t\t<\/label>\n\t\t\t\t\t\t\t\t\t\t\t\t\t\t<input size=\"1\" type=\"text\" name=\"form_fields[name]\" id=\"form-field-name\" class=\"elementor-field elementor-size-sm  elementor-field-textual\" placeholder=\"Name\">\n\t\t\t\t\t\t\t\t\t\t\t<\/div>\n\t\t\t\t\t\t\t\t<div class=\"elementor-field-type-email elementor-field-group elementor-column elementor-field-group-email elementor-col-100 elementor-field-required\">\n\t\t\t\t\t\t\t\t\t\t\t\t<label for=\"form-field-email\" class=\"elementor-field-label elementor-screen-only\">\n\t\t\t\t\t\t\t\tEmail\t\t\t\t\t\t\t<\/label>\n\t\t\t\t\t\t\t\t\t\t\t\t\t\t<input size=\"1\" type=\"email\" name=\"form_fields[email]\" id=\"form-field-email\" class=\"elementor-field elementor-size-sm  elementor-field-textual\" placeholder=\"Email\" required=\"required\">\n\t\t\t\t\t\t\t\t\t\t\t<\/div>\n\t\t\t\t\t\t\t\t<div class=\"elementor-field-type-textarea elementor-field-group elementor-column elementor-field-group-message elementor-col-100\">\n\t\t\t\t\t\t\t\t\t\t\t\t<label for=\"form-field-message\" class=\"elementor-field-label elementor-screen-only\">\n\t\t\t\t\t\t\t\tMessage\t\t\t\t\t\t\t<\/label>\n\t\t\t\t\t\t<textarea class=\"elementor-field-textual elementor-field  elementor-size-sm\" name=\"form_fields[message]\" id=\"form-field-message\" rows=\"4\" placeholder=\"Message\"><\/textarea>\t\t\t\t<\/div>\n\t\t\t\t\t\t\t\t<div class=\"elementor-field-group elementor-column elementor-field-type-submit elementor-col-100 e-form__buttons\">\n\t\t\t\t\t<button class=\"elementor-button elementor-size-sm\" type=\"submit\">\n\t\t\t\t\t\t<span class=\"elementor-button-content-wrapper\">\n\t\t\t\t\t\t\t\t\t\t\t\t\t\t\t\t\t\t\t\t\t\t<span class=\"elementor-button-text\">Submit<\/span>\n\t\t\t\t\t\t\t\t\t\t\t\t\t<\/span>\n\t\t\t\t\t<\/button>\n\t\t\t\t<\/div>\n\t\t\t<\/div>\n\t\t<\/form>\n\t\t\t\t\t\t<\/div>\n\t\t\t\t<\/div>\n\t\t\t\t<\/div>\n\t\t<div class=\"elementor-element elementor-element-70535fc e-con-full e-flex e-con e-child\" data-id=\"70535fc\" data-element_type=\"container\" data-e-type=\"container\">\n\t\t\t\t<div class=\"elementor-element elementor-element-16fcb49 elementor-widget elementor-widget-image\" data-id=\"16fcb49\" data-element_type=\"widget\" data-e-type=\"widget\" data-settings=\"{&quot;wdt_animation_effect&quot;:&quot;none&quot;}\" data-widget_type=\"image.default\">\n\t\t\t\t<div class=\"elementor-widget-container\">\n\t\t\t\t\t\t\t\t\t\t\t\t\t\t\t<img decoding=\"async\" width=\"519\" height=\"363\" src=\"https:\/\/finsoulnetwork.com\/ch\/wp-content\/uploads\/sites\/14\/2025\/09\/Get-in-touch-with-us.webp\" class=\"attachment-large size-large wp-image-47470\" alt=\"\" srcset=\"https:\/\/finsoulnetwork.com\/ch\/wp-content\/uploads\/sites\/14\/2025\/09\/Get-in-touch-with-us.webp 519w, https:\/\/finsoulnetwork.com\/ch\/wp-content\/uploads\/sites\/14\/2025\/09\/Get-in-touch-with-us-300x210.webp 300w\" sizes=\"(max-width: 519px) 100vw, 519px\" \/>\t\t\t\t\t\t\t\t\t\t\t\t\t\t\t<\/div>\n\t\t\t\t<\/div>\n\t\t\t\t<\/div>\n\t\t\t\t\t<\/div>\n\t\t\t\t<\/div>\n\t\t\t\t<\/div>\n\t\t","protected":false},"excerpt":{"rendered":"<p>Lausanne Lausanne: A City That Inspires Progress Lausanne is a city that thrives on energy, creativity, and innovation. Perched along the shores of Lake Geneva, it offers a unique blend of Swiss precision and international flair. Known for its rich cultural life, historic charm, and world-class institutions, Lausanne has built a reputation as a hub [&hellip;]<\/p>\n","protected":false},"author":23,"featured_media":0,"parent":0,"menu_order":0,"comment_status":"closed","ping_status":"closed","template":"elementor_header_footer","meta":{"_eb_attr":"","footnotes":""},"class_list":["post-47871","page","type-page","status-publish","hentry"],"_links":{"self":[{"href":"https:\/\/finsoulnetwork.com\/ch\/wp-json\/wp\/v2\/pages\/47871","targetHints":{"allow":["GET"]}}],"collection":[{"href":"https:\/\/finsoulnetwork.com\/ch\/wp-json\/wp\/v2\/pages"}],"about":[{"href":"https:\/\/finsoulnetwork.com\/ch\/wp-json\/wp\/v2\/types\/page"}],"author":[{"embeddable":true,"href":"https:\/\/finsoulnetwork.com\/ch\/wp-json\/wp\/v2\/users\/23"}],"replies":[{"embeddable":true,"href":"https:\/\/finsoulnetwork.com\/ch\/wp-json\/wp\/v2\/comments?post=47871"}],"version-history":[{"count":55,"href":"https:\/\/finsoulnetwork.com\/ch\/wp-json\/wp\/v2\/pages\/47871\/revisions"}],"predecessor-version":[{"id":47965,"href":"https:\/\/finsoulnetwork.com\/ch\/wp-json\/wp\/v2\/pages\/47871\/revisions\/47965"}],"wp:attachment":[{"href":"https:\/\/finsoulnetwork.com\/ch\/wp-json\/wp\/v2\/media?parent=47871"}],"curies":[{"name":"wp","href":"https:\/\/api.w.org\/{rel}","templated":true}]}}